{"id":24949,"date":"2019-03-28T15:06:51","date_gmt":"2019-03-28T12:06:51","guid":{"rendered":"http:\/\/democontent.codex-themes.com\/sites\/business-solutions\/?page_id=24949"},"modified":"2025-12-30T14:33:59","modified_gmt":"2025-12-30T11:33:59","slug":"404-sayfasi","status":"publish","type":"page","link":"https:\/\/www.mehmetkanan.com\/en\/404-sayfasi\/","title":{"rendered":"404 Sayfas\u0131"},"content":{"rendered":"<div class=\"wpb-content-wrapper\"><div class=\"vc_row-full-width-before\"><\/div><div id=\"vc_row-69e323a304081\" data-vc-full-width=\"true\" data-vc-full-width-init=\"false\" class=\"vc_row wpb_row vc_row-fluid vc_custom_1553774828606 thegem-custom-69e323a30405b393 vc_row-has-fill vc_row-o-full-height vc_row-o-columns-middle vc_row-flex\"><script type=\"text\/javascript\">fullHeightRow();<\/script><script type=\"text\/javascript\">if (typeof(gem_fix_fullwidth_position) == \"function\") { gem_fix_fullwidth_position(document.getElementById(\"vc_row-69e323a304081\")); }<\/script><div class=\"wpb_column vc_column_container vc_col-sm-12 vc_col-lg-offset-2 vc_col-lg-8 thegem-custom-69e323a3044e19581\" ><div class=\"vc_column-inner thegem-custom-inner-69e323a3044e4\"><div class=\"wpb_wrapper thegem-custom-69e323a3044e19581\"><div class=\"gem-textbox  centered-box\"  ><div class=\"gem-textbox-inner\" style=\"\"><div class=\"gem-textbox-content\" style=\"background-position: center top;padding-top: 100px;padding-bottom: 100px;padding-left: 0px;padding-right: 0px;\">\n\t<div class=\"wpb_raw_code wpb_raw_html wpb_content_element\" >\n\t\t<div class=\"wpb_wrapper\">\n\t\t\t<svg viewbox=\"0 0 600 170\">\n\n  <!-- Gradient -->\n  <lineargradient id=\"gr-simple\" x1=\"0\" y1=\"0\" x2=\"100%\" y2=\"100%\">\n    <stop stop-color=\"#9575cd\" offset=\"0%\"\/>\n    <stop stop-color=\"#00bcd4\" offset=\"100%\"\/>\n  <\/lineargradient>\n\n  <!-- Text -->\n  <text text-anchor=\"middle\"\n        x=\"50%\"\n        y=\"50%\"\n        dy=\".35em\"\n        class=\"text title-h1 light\"\n        style=\"fill: url(#gr-simple); font-size: 230px; line-height: 1;\"\n        >\n    404\n  <\/text>\n<\/svg>\n\t\t<\/div>\n\t<\/div>\n\r\n\t\r\n\t\t<div class=\"wpb_text_column wpb_content_element  thegem-vc-text thegem-custom-69e323a304d1c8023\"  >\r\n\t\t\t<div class=\"wpb_wrapper\">\r\n\t\t\t\t<div class=\"title-h1\">SAYFA BULUNAMADI<\/div>\n\r\n\t\t\t<\/div>\r\n\t\t\t<style>@media screen and (max-width: 1023px) {.thegem-vc-text.thegem-custom-69e323a304d1c8023{display: block!important;}}@media screen and (max-width: 767px) {.thegem-vc-text.thegem-custom-69e323a304d1c8023{display: block!important;}}@media screen and (max-width: 1023px) {.thegem-vc-text.thegem-custom-69e323a304d1c8023{position: relative !important;}}@media screen and (max-width: 767px) {.thegem-vc-text.thegem-custom-69e323a304d1c8023{position: relative !important;}}<\/style>\r\n\t\t<\/div>\r\n\t\r\n\r\n\t\r\n\t\t<div class=\"wpb_text_column wpb_content_element  thegem-vc-text thegem-custom-69e323a304dfd8818\"  >\r\n\t\t\t<div class=\"wpb_wrapper\">\r\n\t\t\t\t<div class=\"styled-subtitle\">\u00dczg\u00fcn\u00fcz, arad\u0131\u011f\u0131n\u0131z sayfa veritaban\u0131m\u0131zda yok! Ana sayfam\u0131za gidin veya bir arama yapmay\u0131 deneyin?<\/div>\n\r\n\t\t\t<\/div>\r\n\t\t\t<style>@media screen and (max-width: 1023px) {.thegem-vc-text.thegem-custom-69e323a304dfd8818{display: block!important;}}@media screen and (max-width: 767px) {.thegem-vc-text.thegem-custom-69e323a304dfd8818{display: block!important;}}@media screen and (max-width: 1023px) {.thegem-vc-text.thegem-custom-69e323a304dfd8818{position: relative !important;}}@media screen and (max-width: 767px) {.thegem-vc-text.thegem-custom-69e323a304dfd8818{position: relative !important;}}<\/style>\r\n\t\t<\/div>\r\n\t\r\n<div class=\"gem-search-form gem-search-form-style-light gem-search-form-alignment-center thegem-custom-69e323a304e702954\"><form role=\"search\" method=\"get\" class=\"search-form\" action=\"https:\/\/www.mehmetkanan.com\/en\/\" data-trp-original-action=\"https:\/\/www.mehmetkanan.com\/en\/\"><input class=\"search-field\" type=\"search\" name=\"s\" placeholder=\"Arama...\" aria-label=\"Search\" \/><button class=\"search-submit\" type=\"submit\" aria-label=\"Search\"><\/button><input type=\"hidden\" name=\"trp-form-language\" value=\"en\"\/><\/form><\/div><\/div><\/div><\/div><\/div><\/div><\/div><\/div><div class=\"vc_row-full-width vc_clearfix\"><\/div>\n<\/div>","protected":false},"excerpt":{"rendered":"","protected":false},"author":1,"featured_media":0,"parent":0,"menu_order":0,"comment_status":"closed","ping_status":"closed","template":"","meta":{"footnotes":""},"class_list":["post-24949","page","type-page","status-publish"],"_links":{"self":[{"href":"https:\/\/www.mehmetkanan.com\/en\/wp-json\/wp\/v2\/pages\/24949","targetHints":{"allow":["GET"]}}],"collection":[{"href":"https:\/\/www.mehmetkanan.com\/en\/wp-json\/wp\/v2\/pages"}],"about":[{"href":"https:\/\/www.mehmetkanan.com\/en\/wp-json\/wp\/v2\/types\/page"}],"author":[{"embeddable":true,"href":"https:\/\/www.mehmetkanan.com\/en\/wp-json\/wp\/v2\/users\/1"}],"replies":[{"embeddable":true,"href":"https:\/\/www.mehmetkanan.com\/en\/wp-json\/wp\/v2\/comments?post=24949"}],"version-history":[{"count":0,"href":"https:\/\/www.mehmetkanan.com\/en\/wp-json\/wp\/v2\/pages\/24949\/revisions"}],"wp:attachment":[{"href":"https:\/\/www.mehmetkanan.com\/en\/wp-json\/wp\/v2\/media?parent=24949"}],"curies":[{"name":"wp","href":"https:\/\/api.w.org\/{rel}","templated":true}]}}